{"id":3137,"date":"2017-08-10T09:59:59","date_gmt":"2017-08-10T09:59:59","guid":{"rendered":"https:\/\/villavita-holidays.com\/lefkada-studios-apartments-maisonettes-accommodation\/"},"modified":"2025-12-23T20:43:02","modified_gmt":"2025-12-23T18:43:02","slug":"lefkada-studios-apartments-maisonettes-accommodation","status":"publish","type":"page","link":"https:\/\/villavita-holidays.com\/ro\/lefkada-studios-apartments-maisonettes-accommodation\/","title":{"rendered":"Cazare"},"content":{"rendered":"\n<p>Pentru o vacan\u021b\u0103 de neuitat pe frumoasa insula situate in marea Ionic\u0103, Lefkada, nu c\u0103uta\u021bi mai departe dec\u00e2t Villa Vita Holiday\u2019s. VillaVita Holidays este format\u0103 din 2 cl\u0103diri \u0219i 2 piscine \u00een aer liber. Toate apartamentele, studiourile \u0219i duplexele  sunt foarte moderne, spa\u021bioase \u0219i complet echipate, cu vedere la piscin\u0103 sau la curte. Zona exterioar\u0103 a Villa Vita Holidays este cu siguran\u021b\u0103 uimitoare. Dou\u0103 gr\u0103tare completeaz\u0103 imaginea, f\u0103c\u00e2nd din spa\u021biul exterior cea mai bun\u0103 alegere \u00een timpul vacan\u021bei de var\u0103.<\/p>\n\n\n<p>\u00a0<\/p>\n<p>\u00a0<\/p>\n<p>\u00a0<\/p>\n<div id=\"box\">\n<p>\u00a0<\/p>\n<p class=\"capitalize\">Rezervare pentru Garsoniere, Apartamente \u0219i Duplexuri \u00een Cazarea \u201eVila Vita\u201d Lefkada<\/p>\n<p><a class=\"btn\" href=\"https:\/\/villavitaholidays.reserve-online.net\/\" target=\"_blank\" rel=\"noopener noreferrer\">Rezervare Online<\/a><\/p>\n<\/div>\n<p>\u00a0<\/p>","protected":false},"excerpt":{"rendered":"<p>Pentru o vacan\u021b\u0103 de neuitat pe frumoasa insula situate in marea Ionic\u0103, Lefkada, nu c\u0103uta\u021bi mai departe dec\u00e2t Villa Vita Holiday\u2019s. VillaVita Holidays este format\u0103 din 2 cl\u0103diri \u0219i 2 piscine \u00een aer liber. Toate apartamentele, studiourile \u0219i duplexele sunt foarte moderne, spa\u021bioase \u0219i complet echipate, cu vedere la piscin\u0103 sau la curte. Zona exterioar\u0103 [&hellip;]<\/p>\n","protected":false},"author":1,"featured_media":3845,"parent":0,"menu_order":0,"comment_status":"closed","ping_status":"closed","template":"templates\/listing-andros_room.php","meta":{"footnotes":""},"class_list":["post-3137","page","type-page","status-publish","has-post-thumbnail","hentry"],"_links":{"self":[{"href":"https:\/\/villavita-holidays.com\/ro\/wp-json\/wp\/v2\/pages\/3137","targetHints":{"allow":["GET"]}}],"collection":[{"href":"https:\/\/villavita-holidays.com\/ro\/wp-json\/wp\/v2\/pages"}],"about":[{"href":"https:\/\/villavita-holidays.com\/ro\/wp-json\/wp\/v2\/types\/page"}],"author":[{"embeddable":true,"href":"https:\/\/villavita-holidays.com\/ro\/wp-json\/wp\/v2\/users\/1"}],"replies":[{"embeddable":true,"href":"https:\/\/villavita-holidays.com\/ro\/wp-json\/wp\/v2\/comments?post=3137"}],"version-history":[{"count":2,"href":"https:\/\/villavita-holidays.com\/ro\/wp-json\/wp\/v2\/pages\/3137\/revisions"}],"predecessor-version":[{"id":4062,"href":"https:\/\/villavita-holidays.com\/ro\/wp-json\/wp\/v2\/pages\/3137\/revisions\/4062"}],"wp:featuredmedia":[{"embeddable":true,"href":"https:\/\/villavita-holidays.com\/ro\/wp-json\/wp\/v2\/media\/3845"}],"wp:attachment":[{"href":"https:\/\/villavita-holidays.com\/ro\/wp-json\/wp\/v2\/media?parent=3137"}],"curies":[{"name":"wp","href":"https:\/\/api.w.org\/{rel}","templated":true}]}}